{"id":20,"date":"2014-12-11T15:26:20","date_gmt":"2014-12-11T13:26:20","guid":{"rendered":"http:\/\/dev.idealmainos.fi\/merjamakisalo\/wordpress\/?page_id=20"},"modified":"2023-03-21T10:31:48","modified_gmt":"2023-03-21T08:31:48","slug":"eduskunta-2","status":"publish","type":"page","link":"https:\/\/www.merjamakisalo.fi\/?page_id=20","title":{"rendered":"Eduskunnassa 2011-2023"},"content":{"rendered":"<p>Huhtikuussa 2011 minut valittiin ensimm\u00e4isen kerran kansanedustajaksi sosialidemokraattien listalta ja viimeinen kauteni eduskunnassa p\u00e4\u00e4ttyi kev\u00e4\u00e4ll\u00e4 2023, kun en en\u00e4\u00e4 asettunut vaaleissa ehdolle. Eduskunnassa olen tarkastusvaliokunnan varapuheenjohtaja, tulevaisuusvaliokunnan j\u00e4sen sek\u00e4 perustuslakivaliokunnan varaj\u00e4sen. Toimin my\u00f6s eduskunnan tilintarkastajana.\u00a0 Valiokunnissa p\u00e4\u00e4sen parhaiten vaikuttamaan syd\u00e4nt\u00e4ni l\u00e4hell\u00e4 oleviin asioihin kuten ep\u00e4tasa-arvon v\u00e4hent\u00e4miseen.<\/p>\n<p>Syksyll\u00e4 2011 perustettiin Eduskunnan muistikerho, jonka puheenjohtaja olen. Kerhon tavoitteena on lis\u00e4t\u00e4 kansanedustajien ja henkil\u00f6kunnan tietoisuutta muistisairauksista, niiden ennaltaehk\u00e4isyst\u00e4, hoidosta ja kuntoutuksesta sek\u00e4 pit\u00e4\u00e4 huolta siit\u00e4, ett\u00e4 muistisairautta sairastavien henkil\u00f6iden asiat tulevat huomioiduksi riitt\u00e4v\u00e4n hyvin lains\u00e4\u00e4d\u00e4nn\u00f6ss\u00e4. Muistikerhon ensimm\u00e4inen Muistiseminaari pidettiin 14.3.2012.<\/p>\n<p>Toimin my\u00f6s\u00a0Eduskunnan Vammaisasiain yhteisty\u00f6ryhm\u00e4n puheenjohtaja. Eduskunnan vammaisasiain yhteisty\u00f6ryhm\u00e4 on vuodesta 1999 saakka toiminut puoluerajat ylitt\u00e4v\u00e4 ryhm\u00e4. Se toimii vammaisten osallisuuden, ty\u00f6llisyyden, vammaispalvelujen sek\u00e4 esteett\u00f6m\u00e4n ymp\u00e4rist\u00f6n puolesta. Ryhm\u00e4 tekee aloitteita, kysymyksi\u00e4, talousarvioaloitteita ja muita toimia vammaisten ihmisten aseman ja lains\u00e4\u00e4d\u00e4nn\u00f6n parantamiseksi.<\/p>\n<p>Lis\u00e4ksi olen toiminut puheenjohtaja Eduskunnan terveyden ja hyvinvoinnin edist\u00e4misen -ryhm\u00e4ss\u00e4, joka tekee aktiivisesti yhteisty\u00f6t\u00e4 Sosiaali ja terveys ry:n kanssa muun muassa j\u00e4rjest\u00e4m\u00e4ll\u00e4 seminaareja.<\/p>\n<ul>\n<li><a href=\"https:\/\/www.eduskunta.fi\/FI\/lakiensaataminen\/valiokunnat\/tarkastusvaliokunta\/Sivut\/default.aspx\">Tarkastusvaliokunta<\/a><\/li>\n<li><a href=\"https:\/\/www.eduskunta.fi\/FI\/lakiensaataminen\/valiokunnat\/tulevaisuusvaliokunta\/Sivut\/default.aspx\">Tulevaisuusvaliokunta<\/a><\/li>\n<li><a href=\"https:\/\/www.eduskunta.fi\/FI\/lakiensaataminen\/valiokunnat\/perustuslakivaliokunta\/Sivut\/default.aspx\">Perustuslakivaliokunta\u00a0<\/a><\/li>\n<li><a href=\"https:\/\/www.eduskunta.fi\/FI\/search\/Sivut\/vaskiresults.aspx#Default=%7B%22k%22%3A%22(puhuja%3A%5C%22M\u00e4kisalo-Ropponen%5C%22%20valtiopaivat%3C2015)%20OR%20(puhuja%3A%5C%22M\u00e4kisalo-Ropponen%5C%22%20valtiopaivat%3E2014%20fileextension%3D%5C%22aspx%5C%22)%22%2C%22o%22%3A%5B%7B%22d%22%3A1%2C%22p%22%3A%22AsiakirjatyyppiKoodi%22%7D%2C%7B%22d%22%3A1%2C%22p%22%3A%22ValtiopaivavuosiTeksti%22%7D%2C%7B%22d%22%3A1%2C%22p%22%3A%22AsiakirjaNroTeksti%22%7D%5D%7D\">Puheenvuoroni<\/a><\/li>\n<li><a href=\"https:\/\/www.eduskunta.fi\/FI\/search\/Sivut\/vaskiresults.aspx#Default=%7B%22k%22%3A%22(toimija%3A%5C%22M\u00e4kisalo-Ropponen%5C%22%20valtiopaivat%3C2015)%20OR%20(toimija%3A%5C%22M\u00e4kisalo-Ropponen%5C%22%20valtiopaivat%3E2014%20fileextension%3D%5C%22aspx%5C%22)%22%2C%22o%22%3A%5B%7B%22d%22%3A1%2C%22p%22%3A%22Write%22%7D%5D%7D\">Valtiop\u00e4iv\u00e4toimeni<\/a><\/li>\n<\/ul>\n<span class=\"separator separator--medium\" style=\"\"><\/span>\n<ul>\n<li><a href=\"https:\/\/www.eduskunta.fi\/FI\/search\/Sivut\/vaskiresults.aspx#Default=%7B%22k%22%3A%22(puhuja%3A%5C%22M\u00e4kisalo-Ropponen%5C%22%20valtiopaivat%3C2015)%20OR%20(puhuja%3A%5C%22M\u00e4kisalo-Ropponen%5C%22%20valtiopaivat%3E2014%20fileextension%3D%5C%22aspx%5C%22)%22%2C%22o%22%3A%5B%7B%22d%22%3A1%2C%22p%22%3A%22AsiakirjatyyppiKoodi%22%7D%2C%7B%22d%22%3A1%2C%22p%22%3A%22ValtiopaivavuosiTeksti%22%7D%2C%7B%22d%22%3A1%2C%22p%22%3A%22AsiakirjaNroTeksti%22%7D%5D%7D\">Merjan puheenvuorot<\/a> -&gt;<\/li>\n<li><a href=\"https:\/\/www.eduskunta.fi\/FI\/search\/Sivut\/vaskiresults.aspx#Default=%7B%22k%22%3A%22(toimija%3A%5C%22M\u00e4kisalo-Ropponen%5C%22%20valtiopaivat%3C2015)%20OR%20(toimija%3A%5C%22M\u00e4kisalo-Ropponen%5C%22%20valtiopaivat%3E2014%20fileextension%3D%5C%22aspx%5C%22)%22%2C%22o%22%3A%5B%7B%22d%22%3A1%2C%22p%22%3A%22Write%22%7D%5D%7D\">Merjan valtiop\u00e4iv\u00e4toimet<\/a> -&gt;<\/li>\n<\/ul>\n","protected":false},"excerpt":{"rendered":"<p>Huhtikuussa 2011 minut valittiin ensimm\u00e4isen kerran kansanedustajaksi sosialidemokraattien listalta ja viimeinen kauteni eduskunnassa p\u00e4\u00e4ttyi kev\u00e4\u00e4ll\u00e4 2023, kun en en\u00e4\u00e4 asettunut vaaleissa ehdolle. Eduskunnassa olen tarkastusvaliokunnan varapuheenjohtaja, tulevaisuusvaliokunnan j\u00e4sen sek\u00e4 perustuslakivaliokunnan varaj\u00e4sen. Toimin my\u00f6s eduskunnan tilintarkastajana.\u00a0 Valiokunnissa p\u00e4\u00e4sen parhaiten vaikuttamaan syd\u00e4nt\u00e4ni l\u00e4hell\u00e4 oleviin asioihin kuten ep\u00e4tasa-arvon v\u00e4hent\u00e4miseen. Syksyll\u00e4 2011 perustettiin Eduskunnan muistikerho, jonka puheenjohtaja olen. Kerhon<\/p>\n","protected":false},"author":1,"featured_media":161,"parent":0,"menu_order":0,"comment_status":"closed","ping_status":"closed","template":"","meta":{"_acf_changed":false,"footnotes":""},"class_list":["post-20","page","type-page","status-publish","has-post-thumbnail","hentry"],"acf":[],"_links":{"self":[{"href":"https:\/\/www.merjamakisalo.fi\/index.php?rest_route=\/wp\/v2\/pages\/20","targetHints":{"allow":["GET"]}}],"collection":[{"href":"https:\/\/www.merjamakisalo.fi\/index.php?rest_route=\/wp\/v2\/pages"}],"about":[{"href":"https:\/\/www.merjamakisalo.fi\/index.php?rest_route=\/wp\/v2\/types\/page"}],"author":[{"embeddable":true,"href":"https:\/\/www.merjamakisalo.fi\/index.php?rest_route=\/wp\/v2\/users\/1"}],"replies":[{"embeddable":true,"href":"https:\/\/www.merjamakisalo.fi\/index.php?rest_route=%2Fwp%2Fv2%2Fcomments&post=20"}],"version-history":[{"count":8,"href":"https:\/\/www.merjamakisalo.fi\/index.php?rest_route=\/wp\/v2\/pages\/20\/revisions"}],"predecessor-version":[{"id":3321,"href":"https:\/\/www.merjamakisalo.fi\/index.php?rest_route=\/wp\/v2\/pages\/20\/revisions\/3321"}],"wp:featuredmedia":[{"embeddable":true,"href":"https:\/\/www.merjamakisalo.fi\/index.php?rest_route=\/wp\/v2\/media\/161"}],"wp:attachment":[{"href":"https:\/\/www.merjamakisalo.fi\/index.php?rest_route=%2Fwp%2Fv2%2Fmedia&parent=20"}],"curies":[{"name":"wp","href":"https:\/\/api.w.org\/{rel}","templated":true}]}}