{"id":1891,"date":"2019-04-04T10:25:35","date_gmt":"2019-04-04T07:25:35","guid":{"rendered":"https:\/\/www.merjamakisalo.fi\/?page_id=1891"},"modified":"2022-01-10T16:52:55","modified_gmt":"2022-01-10T14:52:55","slug":"tekoja-tulevaisuuden-hyvaksi","status":"publish","type":"page","link":"https:\/\/www.merjamakisalo.fi\/?page_id=1891","title":{"rendered":"Olen ehdolla aluevaaleissa"},"content":{"rendered":"<p>Ty\u00f6urani aloitin sairaanhoitajana. Haluan p\u00e4\u00e4tt\u00e4\u00e4 sen k\u00e4ytt\u00e4m\u00e4ll\u00e4 osaamiseni Pohjois-Karjalan sosiaali- ja terveyspalvelujen sek\u00e4 sen henkil\u00f6st\u00f6n jaksamisen hyv\u00e4ksi. Osaamista ja kokemusta minulla on erityisesti terveydenhuollosta, ik\u00e4ihmisten ja vammaisten asioista sek\u00e4 ty\u00f6el\u00e4m\u00e4n kehitt\u00e4misest\u00e4.<\/p>\n<p>-Kaikilla oltava oikeus oikea-aikaiseen ja inhimilliseen hoitoon, hoivaan sek\u00e4 kuntoutukseen<\/p>\n<p>-Omaishoitajien jaksamisesta on huolehdittava<\/p>\n<p>-Osaava ja hyvinvoiva henkil\u00f6st\u00f6 takaa palvelujen laadun<\/p>\n<p>-Hoitoty\u00f6h\u00f6n mahdollisuus inhimilliselle ja yksil\u00f6lliselle asiakaskohtaamiselle<\/p>\n<p>-Henkil\u00f6st\u00f6n edustajille puheoikeus valtuuston kokouksiin<\/p>\n<p>-Kokoaikainen hoitoty\u00f6n johtaja johtoryhm\u00e4\u00e4n<\/p>\n<p>-Uskallusta kokeilla uusia hoitomenetelmi\u00e4 \u2013 mahdollisuutta toimia tutkimusn\u00e4ytt\u00f6\u00f6n perustuen<\/p>\n","protected":false},"excerpt":{"rendered":"<p>Ty\u00f6urani aloitin sairaanhoitajana. Haluan p\u00e4\u00e4tt\u00e4\u00e4 sen k\u00e4ytt\u00e4m\u00e4ll\u00e4 osaamiseni Pohjois-Karjalan sosiaali- ja terveyspalvelujen sek\u00e4 sen henkil\u00f6st\u00f6n jaksamisen hyv\u00e4ksi. Osaamista ja kokemusta minulla on erityisesti terveydenhuollosta, ik\u00e4ihmisten ja vammaisten asioista sek\u00e4 ty\u00f6el\u00e4m\u00e4n kehitt\u00e4misest\u00e4. -Kaikilla oltava oikeus oikea-aikaiseen ja inhimilliseen hoitoon, hoivaan sek\u00e4 kuntoutukseen -Omaishoitajien jaksamisesta on huolehdittava -Osaava ja hyvinvoiva henkil\u00f6st\u00f6 takaa palvelujen laadun -Hoitoty\u00f6h\u00f6n mahdollisuus inhimilliselle<\/p>\n","protected":false},"author":3,"featured_media":0,"parent":0,"menu_order":0,"comment_status":"closed","ping_status":"closed","template":"","meta":{"_acf_changed":false,"footnotes":""},"class_list":["post-1891","page","type-page","status-publish","hentry"],"acf":[],"_links":{"self":[{"href":"https:\/\/www.merjamakisalo.fi\/index.php?rest_route=\/wp\/v2\/pages\/1891","targetHints":{"allow":["GET"]}}],"collection":[{"href":"https:\/\/www.merjamakisalo.fi\/index.php?rest_route=\/wp\/v2\/pages"}],"about":[{"href":"https:\/\/www.merjamakisalo.fi\/index.php?rest_route=\/wp\/v2\/types\/page"}],"author":[{"embeddable":true,"href":"https:\/\/www.merjamakisalo.fi\/index.php?rest_route=\/wp\/v2\/users\/3"}],"replies":[{"embeddable":true,"href":"https:\/\/www.merjamakisalo.fi\/index.php?rest_route=%2Fwp%2Fv2%2Fcomments&post=1891"}],"version-history":[{"count":5,"href":"https:\/\/www.merjamakisalo.fi\/index.php?rest_route=\/wp\/v2\/pages\/1891\/revisions"}],"predecessor-version":[{"id":2838,"href":"https:\/\/www.merjamakisalo.fi\/index.php?rest_route=\/wp\/v2\/pages\/1891\/revisions\/2838"}],"wp:attachment":[{"href":"https:\/\/www.merjamakisalo.fi\/index.php?rest_route=%2Fwp%2Fv2%2Fmedia&parent=1891"}],"curies":[{"name":"wp","href":"https:\/\/api.w.org\/{rel}","templated":true}]}}