{"id":15,"date":"2014-12-11T15:25:40","date_gmt":"2014-12-11T13:25:40","guid":{"rendered":"http:\/\/dev.idealmainos.fi\/merjamakisalo\/wordpress\/?page_id=15"},"modified":"2026-03-04T19:44:32","modified_gmt":"2026-03-04T17:44:32","slug":"kirjoitukset","status":"publish","type":"page","link":"https:\/\/www.merjamakisalo.fi\/?page_id=15","title":{"rendered":"Kirjoitukset"},"content":{"rendered":"<p>Kirjoitan kerran kuukaudessa Pohjois-Karjalan hyvinvointialueen blogia valtuuston puheenjohtajana. Blogini voit lukea t\u00e4\u00e4lt\u00e4: <a href=\"https:\/\/www.siunsote.fi\/blogit\">https:\/\/www.siunsote.fi\/blogit<\/a><\/p>\n<span class=\"separator separator--medium\" style=\"\"><\/span>\n<div class=\"row \" style=\"\"><div class=\"row__inwrap\"><div class=\"column-wrap\"> <div class=\"column--1-2\">\n<h4>Kirjallinen tuotanto<\/h4>\n<ul>\n<li>&#8221;Sairaanhoitajan syd\u00e4mell\u00e4 kansanedustajan ty\u00f6ss\u00e4&#8221;, 2026<\/li>\n<li><img loading=\"lazy\" decoding=\"async\" class=\"\" src=\"https:\/\/www.suomalainen.com\/cdn\/shop\/files\/9789524111447_1-sairaanhoitajan-sydamella-kansanedustajan-tyossa.jpg?v=1764580675\" alt=\"Sairaanhoitajan syd\u00e4mell\u00e4 kansanedustajan ty\u00f6ss\u00e4 - Merja M\u00e4kisalo-Ropponen  - Kovakantinen | Suomalainen.com\" width=\"323\" height=\"456\" \/><\/li>\n<li>Voihan sote! ja 101 muuta kirjoitusta. 2018<\/li>\n<li>\n<div>&#8221;Kohti yhdess\u00e4 tekemisen kulttuuria&#8221;, Draamaty\u00f6. 2015<\/div>\n<div><\/div>\n<p><img decoding=\"async\" src=\"\/temp-img\/draamatyo-merja-makisalo-ropponen.jpg\" alt=\"Kohti yhdess\u00e4 tekemisen kulttuuria, Draamaty\u00f6\" \/><\/li>\n<li>&#8221;Vuorovaikutustaidot sosiaali- ja terveysalalla.&#8221;, Kustannusyhti\u00f6 Tammi, 2011<\/li>\n<li>&#8221;Tarinat ty\u00f6n tukena&#8221;, Kustannusyhti\u00f6 Tammi, 2007<\/li>\n<li>&#8221;Me ollaan sankareita el\u00e4m\u00e4n&#8230;&#8221; El\u00e4m\u00e4ntarina-ajattelu vanhusty\u00f6ss\u00e4. Pohjois-Karjalan ammatikorkeakoulu, 2005 (3. painos).<\/li>\n<li>Yhdess\u00e4 onnistumme. Opas ty\u00f6yhteis\u00f6n kehitt\u00e4miseen ja hyvinvointiin. Kustannusosakeyhti\u00f6 Tammi, 2004 (toinen painos).<\/li>\n<li>Yhteis\u00f6llisyys parantaa hoitoty\u00f6n laatua. Ryhm\u00e4st\u00e4 tiimiksi -projektin Juuan kunnan terveyskeskuksen vuodeosastolla. Suomen Sairaanhoitajaliitto ry., 2001 &#8217;<\/li>\n<li>&#8221;Me teemme sen&#8221;. Hoitoty\u00f6ntekij\u00e4 oman ty\u00f6ns\u00e4 tutkijana ja kehitt\u00e4j\u00e4n\u00e4. Kirjayhtym\u00e4 Oy., 1999.<\/li>\n<li>Terveydenhuolto-oppilaitoksen organisaatiokulttuuri. Opettajien ja opiskelijoiden k\u00e4sitykset todellisesta ja toivotusta toiminnasta. V\u00e4it\u00f6skirja, Kuopion yliopisto, 1998.<\/li>\n<\/ul>\n<p><\/div> <div class=\"column--1-2\">\n<p>Artikkelit seuraavissa teoksissa:<\/p>\n<ul>\n<li>M\u00e4kisalo-Ropponen Merja 2025. Toivo &#8211; Ankkuri el\u00e4m\u00e4n haasteissa. Artikkeli teoksessa: Henki ja el\u00e4m\u00e4. Kirjoituksia uskosta, taiteesta ja tieteest\u00e4 (toim. Eino Heikkil\u00e4 &amp; Katriina Kajannes), 287 &#8211; 300.<\/li>\n<li>Ty\u00f6n murros: Ty\u00f6n loppumisesta ty\u00f6voimapulaan 25 vuodessa. Futura 4\/2023, 46-53. Tulevaisuuden tutkimuksen seura ry.<\/li>\n<li>&#8221;Perhehoito sopii hyvin muistisairaille&#8221; &#8211; Muisti-lehti 4\/2020, joulukuu 2020<\/li>\n<li>&#8221;Pohjois-Karjalan sosiaali- ja terveysalan tulevaisuusskenaariot&#8221; &#8211; Futura-lehti 3\/2020<\/li>\n<li>&#8221;Kulttuuri kannattaa. Taiteet ja tarinat muistisairaan el\u00e4m\u00e4ss\u00e4 ja hoidossa.&#8221; Synteesi &#8211; Taiteidenv\u00e4lisen tutkimuksen aikakauslehti, 39 (n:o 3\/2020), s. 104-114.<\/li>\n<li>Holopainen A, Siltanen H, Pohjanvuori A, M\u00e4kisalo-Ropponen M, Okkonen E. 2019. Factors associated with the quality of life of people with dementia and with quality of life-improving interventions: Scoping review. Dementia 18(4), s. 1507\u20131537.<\/li>\n<li>&#8221;Tulevaisuusvaliokunnan historia ja tulevaisuudenn\u00e4kym\u00e4t&#8221; Futura-lehti 38, 1\/2019, s. 77-83.<\/li>\n<li>Miss\u00e4 menn\u00e4\u00e4n \u2013 Puheenvuoroja. (toim. Katriina Kajannes). Jyv\u00e4skyl\u00e4n Yliopistopaino\u00a02018: &#8221;Muistiyst\u00e4v\u00e4llisen Suomen rakentaminen edellytt\u00e4\u00e4 esteett\u00f6myyden uudelleen m\u00e4\u00e4rittely\u00e4&#8221;.<\/li>\n<li>Marjareissu. Kertomuksia muistelun tueksi (Matti Sihvonen) 2015: &#8221;Saatteeksi-teksti&#8221;, s.7-10.<\/li>\n<li>Hyv\u00e4 hankaus 2.0. (toim. Pekka Korhonen ja Raija Airaksinen) 2014: &#8221;&#8221;Muistisairaan henkil\u00f6n kohtaaminen&#8221;. &#8221;Roolit ty\u00f6yhteis\u00f6ss\u00e4 ja poliittisessa p\u00e4\u00e4t\u00f6ksenteossa&#8221;<\/li>\n<li>Vasemmiston tulevaisuus. (toim. Pirjo Alij\u00e4rvi, Hildur Boldt, Ismo Kainulainen ja Katri S\u00f6der) 2014: &#8221;Vanhusten hoidon tulevaisuus&#8221;<\/li>\n<li>Kuntoutuminen kuroo yhteen katkosta el\u00e4m\u00e4ntarinassa. 2014. Teoksessa Puheenvuoroja kuntoutuksesta ja hyv\u00e4st\u00e4 ik\u00e4\u00e4ntymisest\u00e4 (46-50) Toim. Soile Kuitunen. Miina Sillanp\u00e4\u00e4n tulevaisuusakatemian julkaisija, nro 1.<\/li>\n<li>Maahanmuuttajan matka suomalaiseen yhteiskuntaan. (toim. Saara Hiltunen) 2012: &#8221;Tavoitteena kotoutuminen &#8211; Valtion kotouttamisohjelman 2012-2015 painopistealueita.&#8221;<\/li>\n<li>Paistaa se aurinko risukasaankin \u2013 vai paistaako? Keskustelua yhdenvertaisuudesta ja eriarvoisuudesta. (toim. Tuula Peltonen) 2012: &#8221;Tavoitteena terve ja hyvinvoiva yhteiskunta&#8221;. &#8221;Kuuluuko potilaan \u00e4\u00e4ni sosiaali- ja terveydenhuollossa?&#8221;. &#8221;Mihin suuntaan suomalaisten terveys on kehittynyt?&#8221;. &#8221;K\u00f6yhyys t\u00e4ss\u00e4 ja nyt!&#8221;. &#8221;Syrj\u00e4ytymist\u00e4 vai poisk\u00e4\u00e4nnytt\u00e4mist\u00e4?&#8221;<\/li>\n<li>Alzheimer-keskusliitto 20 vuotta &#8211; juhlaseminaarijulkaisu 2008: &#8221;Sairastuneet ja hoitajat &#8211; arjen luovuuden ammentajat&#8221;<\/li>\n<li>Hyv\u00e4 hankaus 1. Teatteril\u00e4ht\u00f6iset menetelm\u00e4t oppimisen ja osallisuuden mahdollistajina. (toim. Pekka Korhonen ja Raija Airaksinen). Teatterikorkeakoulu 2005: &#8221;Verkossa &#8211; Draamatarina ty\u00f6uupumuksesta&#8221; (Karkkulainen &amp; M\u00e4kisalo-Ropponen).\u00a0&#8221;Yhteis\u00f6llist\u00e4 oppimista draaman avulla&#8221;<\/li>\n<li>Perenna. T\u00e4ydennyskoulutuksella osaamista sosiaali- ja terveyspalveluihin. Pohjois-Karjalan ammattikorkeakoulu 2004: &#8221;Draamaopetus opetusmenetelm\u00e4n\u00e4&#8221;. &#8221;Osaamisen johtamisen avulla kohti menestyv\u00e4\u00e4 ja hyvinvoivaa ty\u00f6yhteis\u00f6\u00e4&#8221;.<\/li>\n<li>Muistih\u00e4iri\u00f6- ja dementiaty\u00f6n palapeli (toim. Sirkkaliisa Heimonen ja Sari Tervonen). Edita 2004: &#8221;Dementiayhdistykset vaikuttajina.&#8221;<\/li>\n<\/ul>\n<p><\/div> <\/div><\/div><\/div>\n<p>&nbsp;<\/p>\n","protected":false},"excerpt":{"rendered":"<p>Kirjoitan kerran kuukaudessa Pohjois-Karjalan hyvinvointialueen blogia valtuuston puheenjohtajana. Blogini voit lukea t\u00e4\u00e4lt\u00e4: https:\/\/www.siunsote.fi\/blogit &nbsp;<\/p>\n","protected":false},"author":1,"featured_media":0,"parent":0,"menu_order":0,"comment_status":"closed","ping_status":"closed","template":"","meta":{"_acf_changed":false,"footnotes":""},"class_list":["post-15","page","type-page","status-publish","hentry"],"acf":[],"_links":{"self":[{"href":"https:\/\/www.merjamakisalo.fi\/index.php?rest_route=\/wp\/v2\/pages\/15","targetHints":{"allow":["GET"]}}],"collection":[{"href":"https:\/\/www.merjamakisalo.fi\/index.php?rest_route=\/wp\/v2\/pages"}],"about":[{"href":"https:\/\/www.merjamakisalo.fi\/index.php?rest_route=\/wp\/v2\/types\/page"}],"author":[{"embeddable":true,"href":"https:\/\/www.merjamakisalo.fi\/index.php?rest_route=\/wp\/v2\/users\/1"}],"replies":[{"embeddable":true,"href":"https:\/\/www.merjamakisalo.fi\/index.php?rest_route=%2Fwp%2Fv2%2Fcomments&post=15"}],"version-history":[{"count":21,"href":"https:\/\/www.merjamakisalo.fi\/index.php?rest_route=\/wp\/v2\/pages\/15\/revisions"}],"predecessor-version":[{"id":3887,"href":"https:\/\/www.merjamakisalo.fi\/index.php?rest_route=\/wp\/v2\/pages\/15\/revisions\/3887"}],"wp:attachment":[{"href":"https:\/\/www.merjamakisalo.fi\/index.php?rest_route=%2Fwp%2Fv2%2Fmedia&parent=15"}],"curies":[{"name":"wp","href":"https:\/\/api.w.org\/{rel}","templated":true}]}}