{"id":13,"date":"2014-12-11T15:25:27","date_gmt":"2014-12-11T13:25:27","guid":{"rendered":"http:\/\/dev.idealmainos.fi\/merjamakisalo\/wordpress\/?page_id=13"},"modified":"2023-05-24T12:48:07","modified_gmt":"2023-05-24T09:48:07","slug":"arvoni","status":"publish","type":"page","link":"https:\/\/www.merjamakisalo.fi\/?page_id=13","title":{"rendered":"Arvomaailma"},"content":{"rendered":"<p>Kaikki ihmiset ovat tasa-arvoisia varallisuudesta ja yhteiskunnallisesta asemasta riippumatta. Yhteiskunnan sivistyksen paras mittari on siin\u00e4, miten se huolehtii sosiaalisesti ja taloudellisesti heikoimmassa asemassa olevista kansalaisista.<\/p>\n<p>Ihmisen sivistyksen paras mittari on siin\u00e4, miten h\u00e4n kohtelee l\u00e4himm\u00e4isi\u00e4\u00e4n. Luonto kohtelee ihmist\u00e4 siten, miten ihminen kohtelee luontoa.<\/p>\n<blockquote><p>&#8221;Ilman jalkojakin voi k\u00e4vell\u00e4 keskelle maailmaa ja molemmat jalat tallella py\u00f6ri\u00e4 itsens\u00e4 ymp\u00e4rill\u00e4. Ilman jalkojakin voi etsi\u00e4 kadonnutta ja molemmat jalat tallella mittailla katuja aikaa tappaakseen. Jalat tallella kiert\u00e4\u00e4 keh\u00e4\u00e4, ilman jalkoja avartaa n\u00e4k\u00f6alojaan. &#8221;\u00a0(Erzsebet Turmezei)<\/p><\/blockquote>\n<div><\/div>\n<div><\/div>\n<div><\/div>\n<blockquote>\n<div><span style=\"font-size: 18px;\"><em>Ei ole helppoa nytk\u00e4\u00e4n\u00a0<\/em><\/span><\/div>\n<div><span style=\"font-size: 18px;\"><em>ei tule koskaan helpompaa\u00a0<\/em><\/span><\/div>\n<div><span style=\"font-size: 18px;\"><em>ja sittenkin el\u00e4m\u00e4 kannatti\u00a0<\/em><\/span><\/div>\n<div><span style=\"font-size: 18px;\"><em>ja aina kannattaa.\u00a0<\/em><\/span><\/div>\n<\/blockquote>\n<blockquote>\n<div><span style=\"font-size: 18px;\"><em>On raskasta ottaa vastaan ne\u00a0<\/em><\/span><\/div>\n<div><span style=\"font-size: 18px;\"><em>jotka seisovat vastassa\u00a0<\/em><\/span><\/div>\n<div><span style=\"font-size: 18px;\"><em>ja siet\u00e4\u00e4 niit\u00e4.<\/em><\/span><\/div>\n<div><span style=\"font-size: 18px;\"><em>\u00a0jotka marssivat rinnalla.\u00a0<\/em><\/span><\/div>\n<\/blockquote>\n<blockquote>\n<div>\n<div><span style=\"font-size: 18px;\"><em>Jos ly\u00f6v\u00e4t ly\u00f6ntien alla\u00a0<\/em><\/span><\/div>\n<div><span style=\"font-size: 18px;\"><em>&#8211; et saa horjahtaa\u00a0<\/em><\/span><\/div>\n<div><span style=\"font-size: 18px;\"><em>ei vastapuoli saa huomata,<\/em><\/span><\/div>\n<div><span style=\"font-size: 18px;\"><em>ett\u00e4 leirisi hajoaa.<\/em><\/span><\/div>\n<\/div>\n<\/blockquote>\n<blockquote>\n<div>\n<div><span style=\"font-size: 18px;\"><em>Ota heikko harteillesi\u00a0<\/em><\/span><\/div>\n<div><span style=\"font-size: 18px;\"><em>ja kanna sill\u00e4kin uhalla,<\/em><\/span><\/div>\n<div><span style=\"font-size: 18px;\"><em>ett\u00e4 sinulta voimaa saatuaan,<\/em><\/span><\/div>\n<div><span style=\"font-size: 18px;\"><em>h\u00e4n vihaa sinua.\u00a0<\/em><\/span><\/div>\n<\/div>\n<\/blockquote>\n<blockquote>\n<div><span style=\"font-size: 18px;\"><em>Hymyile &#8211; vaikka koskee\u00a0<\/em><\/span><\/div>\n<div><span style=\"font-size: 18px;\"><em>joka p\u00e4iv\u00e4 heid\u00e4n keskell\u00e4\u00e4n,<\/em><\/span><\/div>\n<div><span style=\"font-size: 18px;\"><em>joiden kasvot hyv\u00e4 sanasi,<\/em><\/span><\/div>\n<div><span style=\"font-size: 18px;\"><em>saa hiljaa kiristym\u00e4\u00e4n.\u00a0<\/em><\/span><\/div>\n<\/blockquote>\n<blockquote>\n<div><span style=\"font-size: 18px;\"><em>Et en\u00e4\u00e4 heid\u00e4n puolestaan &#8211; heid\u00e4n kanssaan<\/em><\/span><\/div>\n<div><span style=\"font-size: 18px;\"><em>Kuitenkin &#8211;<\/em><\/span><\/div>\n<div><span style=\"font-size: 18px;\"><em>t\u00e4m\u00e4n joukon suunta,<\/em><\/span><\/div>\n<div><span style=\"font-size: 18px;\"><em>Muista \u00a0&#8211; voi johtaa johonkin.<\/em><\/span><\/div>\n<\/blockquote>\n<blockquote>\n<div><span style=\"font-size: 18px;\"><em>Heid\u00e4n kanssaan, ja vastaan,\u00a0<\/em><\/span><\/div>\n<div><span style=\"font-size: 18px;\"><em>yksin suuressa joukossa\u00a0<\/em><\/span><\/div>\n<div><span style=\"font-size: 18px;\"><em>siit\u00e4 kamppaillen,\u00a0<\/em><\/span><\/div>\n<div><span style=\"font-size: 18px;\"><em>mik\u00e4 voi vain yhdess\u00e4 onnistua.\u00a0<\/em><\/span><\/div>\n<\/blockquote>\n<blockquote>\n<div><span style=\"font-size: 18px;\"><em>Se ei ole helppoa nytk\u00e4\u00e4n &#8211;\u00a0<\/em><\/span><\/div>\n<div><span style=\"font-size: 18px;\"><em>vain ahtaammalle se meid\u00e4t\u00a0vei\u00a0<\/em><\/span><\/div>\n<div><span style=\"font-size: 18px;\"><em>Se on laki.\u00a0Annettu teht\u00e4v\u00e4mme.\u00a0<\/em><\/span><\/div>\n<div>\n<p><span style=\"font-size: 18px;\"><em>\u00a0 \u00a0 \u00a0 \u00a0 \u00a0 \u00a0 \u00a0 \u00a0 Kannatti tai ei<\/em><\/span><\/p>\n<div><span style=\"font-size: 18px;\">(Mihaily Vaci)<\/span><\/div>\n<\/div>\n<\/blockquote>\n","protected":false},"excerpt":{"rendered":"<p>Kaikki ihmiset ovat tasa-arvoisia varallisuudesta ja yhteiskunnallisesta asemasta riippumatta. Yhteiskunnan sivistyksen paras mittari on siin\u00e4, miten se huolehtii sosiaalisesti ja taloudellisesti heikoimmassa asemassa olevista kansalaisista. Ihmisen sivistyksen paras mittari on siin\u00e4, miten h\u00e4n kohtelee l\u00e4himm\u00e4isi\u00e4\u00e4n. Luonto kohtelee ihmist\u00e4 siten, miten ihminen kohtelee luontoa. &#8221;Ilman jalkojakin voi k\u00e4vell\u00e4 keskelle maailmaa ja molemmat jalat tallella py\u00f6ri\u00e4 itsens\u00e4<\/p>\n","protected":false},"author":1,"featured_media":0,"parent":0,"menu_order":0,"comment_status":"closed","ping_status":"closed","template":"","meta":{"_acf_changed":false,"footnotes":""},"class_list":["post-13","page","type-page","status-publish","hentry"],"acf":[],"_links":{"self":[{"href":"https:\/\/www.merjamakisalo.fi\/index.php?rest_route=\/wp\/v2\/pages\/13","targetHints":{"allow":["GET"]}}],"collection":[{"href":"https:\/\/www.merjamakisalo.fi\/index.php?rest_route=\/wp\/v2\/pages"}],"about":[{"href":"https:\/\/www.merjamakisalo.fi\/index.php?rest_route=\/wp\/v2\/types\/page"}],"author":[{"embeddable":true,"href":"https:\/\/www.merjamakisalo.fi\/index.php?rest_route=\/wp\/v2\/users\/1"}],"replies":[{"embeddable":true,"href":"https:\/\/www.merjamakisalo.fi\/index.php?rest_route=%2Fwp%2Fv2%2Fcomments&post=13"}],"version-history":[{"count":12,"href":"https:\/\/www.merjamakisalo.fi\/index.php?rest_route=\/wp\/v2\/pages\/13\/revisions"}],"predecessor-version":[{"id":3380,"href":"https:\/\/www.merjamakisalo.fi\/index.php?rest_route=\/wp\/v2\/pages\/13\/revisions\/3380"}],"wp:attachment":[{"href":"https:\/\/www.merjamakisalo.fi\/index.php?rest_route=%2Fwp%2Fv2%2Fmedia&parent=13"}],"curies":[{"name":"wp","href":"https:\/\/api.w.org\/{rel}","templated":true}]}}